{"id":3625,"date":"2024-05-16T15:48:02","date_gmt":"2024-05-16T13:48:02","guid":{"rendered":"https:\/\/papagayo2.desarrollo.olimpo.tech\/?page_id=3625"},"modified":"2024-05-16T15:50:30","modified_gmt":"2024-05-16T13:50:30","slug":"promo","status":"publish","type":"page","link":"https:\/\/papagayo2.desarrollo.olimpo.tech\/?page_id=3625","title":{"rendered":"Promo"},"content":{"rendered":"\t\t<div data-elementor-type=\"wp-page\" data-elementor-id=\"3625\" class=\"elementor elementor-3625\" data-elementor-post-type=\"page\">\n\t\t\t\t\t\t<section data-dce-background-color=\"#B99D75DE\" data-dce-background-image-url=\"http:\/\/papagayo2.desarrollo.olimpo.tech\/wp-content\/uploads\/2024\/03\/papagayo-hero.mp4\" class=\"elementor-section elementor-top-section elementor-element elementor-element-dcc4401 elementor-section-height-min-height cs-section-content-fullwidth contrasteheader elementor-hidden-tablet elementor-hidden-mobile elementor-section-boxed elementor-section-height-default elementor-section-items-middle\" data-id=\"dcc4401\" data-element_type=\"section\" data-settings=\"{&quot;background_background&quot;:&quot;classic&quot;}\">\n\t\t\t\t\t\t\t<div class=\"elementor-background-overlay\"><\/div>\n\t\t\t\t\t\t\t<div class=\"elementor-container elementor-column-gap-no\">\n\t\t\t\t\t<div class=\"elementor-column elementor-col-100 elementor-top-column elementor-element elementor-element-8fbab1b\" data-id=\"8fbab1b\" data-element_type=\"column\">\n\t\t\t<div class=\"elementor-widget-wrap\">\n\t\t\t\t\t\t\t<\/div>\n\t\t<\/div>\n\t\t\t\t\t<\/div>\n\t\t<\/section>\n\t\t\t\t<section data-dce-background-color=\"#000000\" data-dce-background-overlay-color=\"#000000\" data-dce-background-image-url=\"http:\/\/papagayo2.desarrollo.olimpo.tech\/wp-content\/uploads\/2024\/03\/banner-papagayo.jpg\" class=\"elementor-section elementor-top-section elementor-element elementor-element-7f096f39 elementor-section-height-min-height cs-section-content-fullwidth cs-parallax-on-scroll cs_scroll_y_80 elementor-section-boxed elementor-section-height-default elementor-section-items-middle\" data-id=\"7f096f39\" data-element_type=\"section\" data-settings=\"{&quot;background_background&quot;:&quot;classic&quot;}\" data-cs-parallax-y=\"80\" style=\"background-image: none;\" data-cs-background-image=\"http:\/\/papagayo2.desarrollo.olimpo.tech\/wp-content\/uploads\/2024\/03\/banner-papagayo.jpg\">\n\t\t\t\t\t\t\t<div class=\"elementor-background-overlay\"><\/div>\n\t\t\t\t\t\t\t<div class=\"elementor-container elementor-column-gap-no\">\n\t\t\t\t\t<div class=\"elementor-column elementor-col-100 elementor-top-column elementor-element elementor-element-1fa46de6 dark-color\" data-id=\"1fa46de6\" data-element_type=\"column\">\n\t\t\t<div class=\"elementor-widget-wrap elementor-element-populated\">\n\t\t\t\t\t\t<div class=\"elementor-element elementor-element-7e46a868 elementor-widget elementor-widget-cs_title\" data-id=\"7e46a868\" data-element_type=\"widget\" data-widget_type=\"cs_title.default\">\n\t\t\t\t<div class=\"elementor-widget-container\">\n\t\t\t\n        <div class=\"cs-title-wrap text-center\">\t            <h1 class=\"cs-title\">\n\t                Promo\t            <\/h1>\t            <div class=\"cs-title-text\">\n\t                <p>Disfruta de las promos que ofrece la hoster\u00eda Papagayo.<\/p>\t            <\/div>        <\/div>\t\t<\/div>\n\t\t\t\t<\/div>\n\t\t\t\t\t<\/div>\n\t\t<\/div>\n\t\t\t\t\t<\/div>\n\t\t<\/section>\n\t\t\t\t<section class=\"elementor-section elementor-top-section elementor-element elementor-element-6526541 cs-animation-small-offset elementor-section-boxed elementor-section-height-default elementor-section-height-default elementor-invisible\" data-id=\"6526541\" data-element_type=\"section\" data-settings=\"{&quot;animation&quot;:&quot;fadeInUp&quot;,&quot;animation_delay&quot;:150}\">\n\t\t\t\t\t\t<div class=\"elementor-container elementor-column-gap-no\">\n\t\t\t\t\t<div class=\"elementor-column elementor-col-33 elementor-top-column elementor-element elementor-element-8158e87\" data-id=\"8158e87\" data-element_type=\"column\">\n\t\t\t<div class=\"elementor-widget-wrap elementor-element-populated\">\n\t\t\t\t\t\t<div class=\"elementor-element elementor-element-b4734f0 elementor-widget elementor-widget-cs_call_to_action\" data-id=\"b4734f0\" data-element_type=\"widget\" data-settings=\"{&quot;overlay_background&quot;:&quot;gradient&quot;}\" data-widget_type=\"cs_call_to_action.default\">\n\t\t\t\t<div class=\"elementor-widget-container\">\n\t\t\t\n\t\t<div class=\"cs-cta cta-layout-text-overlap content-bottom dark-color text-left cta-hover-img-zoom\">\n            <div class=\"cs-cta-wrap\">\t\t               \t<div class=\"cs-cta-img\">\n\t\t                    <img fetchpriority=\"high\" decoding=\"async\" width=\"1000\" height=\"1200\" src=\"https:\/\/papagayo2.desarrollo.olimpo.tech\/wp-content\/uploads\/2024\/03\/Untitled-2.jpg\" class=\"attachment-full size-full wp-image-2580\" alt=\"\" srcset=\"https:\/\/papagayo2.desarrollo.olimpo.tech\/wp-content\/uploads\/2024\/03\/Untitled-2.jpg 1000w, https:\/\/papagayo2.desarrollo.olimpo.tech\/wp-content\/uploads\/2024\/03\/Untitled-2-250x300.jpg 250w, https:\/\/papagayo2.desarrollo.olimpo.tech\/wp-content\/uploads\/2024\/03\/Untitled-2-853x1024.jpg 853w, https:\/\/papagayo2.desarrollo.olimpo.tech\/wp-content\/uploads\/2024\/03\/Untitled-2-768x922.jpg 768w, https:\/\/papagayo2.desarrollo.olimpo.tech\/wp-content\/uploads\/2024\/03\/Untitled-2-780x936.jpg 780w, https:\/\/papagayo2.desarrollo.olimpo.tech\/wp-content\/uploads\/2024\/03\/Untitled-2-600x720.jpg 600w, https:\/\/papagayo2.desarrollo.olimpo.tech\/wp-content\/uploads\/2024\/03\/Untitled-2-550x660.jpg 550w, https:\/\/papagayo2.desarrollo.olimpo.tech\/wp-content\/uploads\/2024\/03\/Untitled-2-370x444.jpg 370w, https:\/\/papagayo2.desarrollo.olimpo.tech\/wp-content\/uploads\/2024\/03\/Untitled-2-255x306.jpg 255w, https:\/\/papagayo2.desarrollo.olimpo.tech\/wp-content\/uploads\/2024\/03\/Untitled-2-125x150.jpg 125w\" sizes=\"(max-width: 1000px) 100vw, 1000px\" \/>\t\t                <\/div>                <div class=\"cs-cta-overlay\"><\/div>                \t<div class=\"cs-cta-label label-top-left\">\n\t\t\t\t\t   <div class=\"cs-cta-label-text\">$20 \/ Persona<\/div>\n\t\t\t\t\t<\/div>\n                <div class=\"cs-cta-content\">\t\t            <h6 class=\"cs-cta-title cs-title\">\n\t\t                Cabalgata en Ecuador\t\t            <\/h6>\t\t            <div class=\"cs-cta-text\">\n\t\t                <p>Disfruta las cabalgatas en la Avenida de los Volcanes.<\/p>\t\t            <\/div>\t\t\t<\/div>                <a class=\"cs-cta-link\" href=\"https:\/\/papagayo2.desarrollo.olimpo.tech\/?actividad=cabalgata-en-ecuador\"><\/a>            <\/div>\n        <\/div>\t\t<\/div>\n\t\t\t\t<\/div>\n\t\t\t\t\t<\/div>\n\t\t<\/div>\n\t\t\t\t<div class=\"elementor-column elementor-col-33 elementor-top-column elementor-element elementor-element-238d39a\" data-id=\"238d39a\" data-element_type=\"column\">\n\t\t\t<div class=\"elementor-widget-wrap elementor-element-populated\">\n\t\t\t\t\t\t<div class=\"elementor-element elementor-element-3fa51dd elementor-widget elementor-widget-cs_call_to_action\" data-id=\"3fa51dd\" data-element_type=\"widget\" data-settings=\"{&quot;overlay_background&quot;:&quot;gradient&quot;}\" data-widget_type=\"cs_call_to_action.default\">\n\t\t\t\t<div class=\"elementor-widget-container\">\n\t\t\t\n\t\t<div class=\"cs-cta cta-layout-text-overlap content-bottom dark-color text-left cta-hover-img-zoom\">\n            <div class=\"cs-cta-wrap\">\t\t               \t<div class=\"cs-cta-img\">\n\t\t                    <img decoding=\"async\" width=\"1000\" height=\"1200\" src=\"https:\/\/papagayo2.desarrollo.olimpo.tech\/wp-content\/uploads\/2024\/03\/Artboard-24.jpg\" class=\"attachment-full size-full wp-image-2592\" alt=\"\" srcset=\"https:\/\/papagayo2.desarrollo.olimpo.tech\/wp-content\/uploads\/2024\/03\/Artboard-24.jpg 1000w, https:\/\/papagayo2.desarrollo.olimpo.tech\/wp-content\/uploads\/2024\/03\/Artboard-24-250x300.jpg 250w, https:\/\/papagayo2.desarrollo.olimpo.tech\/wp-content\/uploads\/2024\/03\/Artboard-24-853x1024.jpg 853w, https:\/\/papagayo2.desarrollo.olimpo.tech\/wp-content\/uploads\/2024\/03\/Artboard-24-768x922.jpg 768w, https:\/\/papagayo2.desarrollo.olimpo.tech\/wp-content\/uploads\/2024\/03\/Artboard-24-780x936.jpg 780w, https:\/\/papagayo2.desarrollo.olimpo.tech\/wp-content\/uploads\/2024\/03\/Artboard-24-600x720.jpg 600w, https:\/\/papagayo2.desarrollo.olimpo.tech\/wp-content\/uploads\/2024\/03\/Artboard-24-550x660.jpg 550w, https:\/\/papagayo2.desarrollo.olimpo.tech\/wp-content\/uploads\/2024\/03\/Artboard-24-370x444.jpg 370w, https:\/\/papagayo2.desarrollo.olimpo.tech\/wp-content\/uploads\/2024\/03\/Artboard-24-255x306.jpg 255w, https:\/\/papagayo2.desarrollo.olimpo.tech\/wp-content\/uploads\/2024\/03\/Artboard-24-125x150.jpg 125w\" sizes=\"(max-width: 1000px) 100vw, 1000px\" \/>\t\t                <\/div>                <div class=\"cs-cta-overlay\"><\/div>                \t<div class=\"cs-cta-label label-top-left\">\n\t\t\t\t\t   <div class=\"cs-cta-label-text\">$50 \/ Persona<\/div>\n\t\t\t\t\t<\/div>\n                <div class=\"cs-cta-content\">\t\t            <h6 class=\"cs-cta-title cs-title\">\n\t\t                Volcan coraz\u00f3n\t\t            <\/h6>\t\t            <div class=\"cs-cta-text\">\n\t\t                <p>Recorrido de senderismo f\u00e1cil a trav\u00e9s de la vegetaci\u00f3n de P\u00e1ramo.<\/p>\t\t            <\/div>\t\t\t<\/div>                <a class=\"cs-cta-link\" href=\"https:\/\/papagayo2.desarrollo.olimpo.tech\/?actividad=volcan-corazon\"><\/a>            <\/div>\n        <\/div>\t\t<\/div>\n\t\t\t\t<\/div>\n\t\t\t\t\t<\/div>\n\t\t<\/div>\n\t\t\t\t<div class=\"elementor-column elementor-col-33 elementor-top-column elementor-element elementor-element-94d3cc7\" data-id=\"94d3cc7\" data-element_type=\"column\">\n\t\t\t<div class=\"elementor-widget-wrap elementor-element-populated\">\n\t\t\t\t\t\t<div class=\"elementor-element elementor-element-5db034b elementor-widget elementor-widget-cs_call_to_action\" data-id=\"5db034b\" data-element_type=\"widget\" data-settings=\"{&quot;overlay_background&quot;:&quot;gradient&quot;}\" data-widget_type=\"cs_call_to_action.default\">\n\t\t\t\t<div class=\"elementor-widget-container\">\n\t\t\t\n\t\t<div class=\"cs-cta cta-layout-text-overlap content-bottom dark-color text-left cta-hover-img-zoom\">\n            <div class=\"cs-cta-wrap\">\t\t               \t<div class=\"cs-cta-img\">\n\t\t                    <img decoding=\"async\" width=\"1000\" height=\"1200\" src=\"https:\/\/papagayo2.desarrollo.olimpo.tech\/wp-content\/uploads\/2024\/03\/Artboard-20.jpg\" class=\"attachment-full size-full wp-image-2589\" alt=\"\" srcset=\"https:\/\/papagayo2.desarrollo.olimpo.tech\/wp-content\/uploads\/2024\/03\/Artboard-20.jpg 1000w, https:\/\/papagayo2.desarrollo.olimpo.tech\/wp-content\/uploads\/2024\/03\/Artboard-20-250x300.jpg 250w, https:\/\/papagayo2.desarrollo.olimpo.tech\/wp-content\/uploads\/2024\/03\/Artboard-20-853x1024.jpg 853w, https:\/\/papagayo2.desarrollo.olimpo.tech\/wp-content\/uploads\/2024\/03\/Artboard-20-768x922.jpg 768w, https:\/\/papagayo2.desarrollo.olimpo.tech\/wp-content\/uploads\/2024\/03\/Artboard-20-780x936.jpg 780w, https:\/\/papagayo2.desarrollo.olimpo.tech\/wp-content\/uploads\/2024\/03\/Artboard-20-600x720.jpg 600w, https:\/\/papagayo2.desarrollo.olimpo.tech\/wp-content\/uploads\/2024\/03\/Artboard-20-550x660.jpg 550w, https:\/\/papagayo2.desarrollo.olimpo.tech\/wp-content\/uploads\/2024\/03\/Artboard-20-370x444.jpg 370w, https:\/\/papagayo2.desarrollo.olimpo.tech\/wp-content\/uploads\/2024\/03\/Artboard-20-255x306.jpg 255w, https:\/\/papagayo2.desarrollo.olimpo.tech\/wp-content\/uploads\/2024\/03\/Artboard-20-125x150.jpg 125w\" sizes=\"(max-width: 1000px) 100vw, 1000px\" \/>\t\t                <\/div>                <div class=\"cs-cta-overlay\"><\/div>                \t<div class=\"cs-cta-label label-top-left\">\n\t\t\t\t\t   <div class=\"cs-cta-label-text\">$60 \/ Persona<\/div>\n\t\t\t\t\t<\/div>\n                <div class=\"cs-cta-content\">\t\t            <h6 class=\"cs-cta-title cs-title\">\n\t\t                Cotobikes\t\t            <\/h6>\t\t            <div class=\"cs-cta-text\">\n\t\t                <p>Excursi\u00f3n de un d\u00eda emocionante con espectaculares vistas del paisaje andino.<\/p>\t\t            <\/div>\t\t\t<\/div>                <a class=\"cs-cta-link\" href=\"https:\/\/papagayo2.desarrollo.olimpo.tech\/?actividad=cotobikes\"><\/a>            <\/div>\n        <\/div>\t\t<\/div>\n\t\t\t\t<\/div>\n\t\t\t\t\t<\/div>\n\t\t<\/div>\n\t\t\t\t\t<\/div>\n\t\t<\/section>\n\t\t\t\t<\/div>\n\t\t","protected":false},"excerpt":{"rendered":"<p>Promo Disfruta de las promos que ofrece la hoster\u00eda Papagayo. $20 \/ Persona Cabalgata en Ecuador Disfruta las cabalgatas en la Avenida de los Volcanes. $50 \/ Persona Volcan coraz\u00f3n Recorrido de senderismo f\u00e1cil a trav\u00e9s de la vegetaci\u00f3n de P\u00e1ramo. $60 \/ Persona Cotobikes Excursi\u00f3n de un d\u00eda emocionante con espectaculares vistas del paisaje &#8230;<\/p>\n","protected":false},"author":2,"featured_media":0,"parent":0,"menu_order":0,"comment_status":"closed","ping_status":"closed","template":"template-wide-content.php","meta":{"_acf_changed":false,"footnotes":"","cozystay_single_page_hide_site_header":"","cozystay_single_page_site_header_source":"","cozystay_single_page_custom_site_header":"0","cozystay_single_page_custom_sticky_site_header":"0","cozystay_single_page_hide_page_title":"on","cozystay_single_page_header_section_size":"","cozystay_single_page_header_background_color":"","cozystay_single_page_header_background_position_x":"center","cozystay_single_page_header_background_position_y":"center","cozystay_single_page_header_background_size":"cover","cozystay_single_page_header_background_repeat":"off","cozystay_single_page_header_background_scroll":"on","cozystay_single_page_header_text_color":"","cozystay_single_page_header_show_breadcrumb":"","cozystay_single_page_site_footer_hide_main":"","cozystay_single_custom_site_footer_main_source":"","cozystay_single_custom_site_footer_main":"0","cozystay_single_page_site_footer_hide_above":"","cozystay_single_custom_site_footer_above_source":"","cozystay_single_custom_site_footer_above":"0","cozystay_single_page_site_footer_hide_instagram":"","cozystay_single_page_site_footer_hide_bottom":"","cozystay_single_custom_mobile_menu_source":"","cozystay_single_custom_mobile_menu":"0","cozystay_single_custom_mobile_menu_animation":"","cozystay_single_custom_mobile_menu_width":"","cozystay_single_custom_mobile_menu_custom_width":375},"acf":[],"_links":{"self":[{"href":"https:\/\/papagayo2.desarrollo.olimpo.tech\/index.php?rest_route=\/wp\/v2\/pages\/3625"}],"collection":[{"href":"https:\/\/papagayo2.desarrollo.olimpo.tech\/index.php?rest_route=\/wp\/v2\/pages"}],"about":[{"href":"https:\/\/papagayo2.desarrollo.olimpo.tech\/index.php?rest_route=\/wp\/v2\/types\/page"}],"author":[{"embeddable":true,"href":"https:\/\/papagayo2.desarrollo.olimpo.tech\/index.php?rest_route=\/wp\/v2\/users\/2"}],"replies":[{"embeddable":true,"href":"https:\/\/papagayo2.desarrollo.olimpo.tech\/index.php?rest_route=%2Fwp%2Fv2%2Fcomments&post=3625"}],"version-history":[{"count":4,"href":"https:\/\/papagayo2.desarrollo.olimpo.tech\/index.php?rest_route=\/wp\/v2\/pages\/3625\/revisions"}],"predecessor-version":[{"id":3629,"href":"https:\/\/papagayo2.desarrollo.olimpo.tech\/index.php?rest_route=\/wp\/v2\/pages\/3625\/revisions\/3629"}],"wp:attachment":[{"href":"https:\/\/papagayo2.desarrollo.olimpo.tech\/index.php?rest_route=%2Fwp%2Fv2%2Fmedia&parent=3625"}],"curies":[{"name":"wp","href":"https:\/\/api.w.org\/{rel}","templated":true}]}}