{"id":3309,"date":"2024-04-11T19:03:13","date_gmt":"2024-04-11T17:03:13","guid":{"rendered":"https:\/\/papagayo2.desarrollo.olimpo.tech\/?page_id=3309"},"modified":"2024-04-15T21:58:34","modified_gmt":"2024-04-15T19:58:34","slug":"politica-de-privacidad","status":"publish","type":"page","link":"https:\/\/papagayo2.desarrollo.olimpo.tech\/?page_id=3309","title":{"rendered":"Pol\u00edtica de privacidad"},"content":{"rendered":"\t\t<div data-elementor-type=\"wp-page\" data-elementor-id=\"3309\" class=\"elementor elementor-3309\" data-elementor-post-type=\"page\">\n\t\t\t\t\t\t<section data-dce-background-color=\"#B99D75DE\" data-dce-background-image-url=\"http:\/\/papagayo2.desarrollo.olimpo.tech\/wp-content\/uploads\/2024\/03\/papagayo-hero.mp4\" class=\"elementor-section elementor-top-section elementor-element elementor-element-e6e09ed elementor-section-height-min-height cs-section-content-fullwidth contrasteheader elementor-section-boxed elementor-section-height-default elementor-section-items-middle\" data-id=\"e6e09ed\" data-element_type=\"section\" data-settings=\"{&quot;background_background&quot;:&quot;classic&quot;}\">\n\t\t\t\t\t\t\t<div class=\"elementor-background-overlay\"><\/div>\n\t\t\t\t\t\t\t<div class=\"elementor-container elementor-column-gap-no\">\n\t\t\t\t\t<div class=\"elementor-column elementor-col-100 elementor-top-column elementor-element elementor-element-78d6baa\" data-id=\"78d6baa\" data-element_type=\"column\">\n\t\t\t<div class=\"elementor-widget-wrap\">\n\t\t\t\t\t\t\t<\/div>\n\t\t<\/div>\n\t\t\t\t\t<\/div>\n\t\t<\/section>\n\t\t\t\t<section data-dce-background-color=\"#000000\" data-dce-background-overlay-color=\"#000000\" data-dce-background-image-url=\"http:\/\/papagayo2.desarrollo.olimpo.tech\/wp-content\/uploads\/2024\/04\/Sin-titulo-1.jpg\" class=\"elementor-section elementor-top-section elementor-element elementor-element-40db444 elementor-section-height-min-height cs-section-content-fullwidth cs-parallax-on-scroll cs_scroll_y_80 elementor-section-boxed elementor-section-height-default elementor-section-items-middle\" data-id=\"40db444\" data-element_type=\"section\" data-settings=\"{&quot;background_background&quot;:&quot;classic&quot;}\" data-cs-parallax-y=\"80\" style=\"background-image: none;\" data-cs-background-image=\"http:\/\/papagayo2.desarrollo.olimpo.tech\/wp-content\/uploads\/2024\/04\/Sin-titulo-1.jpg\">\n\t\t\t\t\t\t\t<div class=\"elementor-background-overlay\"><\/div>\n\t\t\t\t\t\t\t<div class=\"elementor-container elementor-column-gap-no\">\n\t\t\t\t\t<div class=\"elementor-column elementor-col-100 elementor-top-column elementor-element elementor-element-25129b8 dark-color\" data-id=\"25129b8\" data-element_type=\"column\">\n\t\t\t<div class=\"elementor-widget-wrap elementor-element-populated\">\n\t\t\t\t\t\t<div class=\"elementor-element elementor-element-05475ac elementor-widget elementor-widget-cs_title\" data-id=\"05475ac\" data-element_type=\"widget\" data-widget_type=\"cs_title.default\">\n\t\t\t\t<div class=\"elementor-widget-container\">\n\t\t\t\n        <div class=\"cs-title-wrap text-center\">\t            <h1 class=\"cs-title\">\n\t                Pol\u00edtica de Privacidad\t            <\/h1>        <\/div>\t\t<\/div>\n\t\t\t\t<\/div>\n\t\t\t\t\t<\/div>\n\t\t<\/div>\n\t\t\t\t\t<\/div>\n\t\t<\/section>\n\t\t<div class=\"elementor-element elementor-element-1fbf976 e-flex e-con-boxed e-con e-parent\" data-id=\"1fbf976\" data-element_type=\"container\" data-core-v316-plus=\"true\">\n\t\t\t\t\t<div class=\"e-con-inner\">\n\t\t\t\t<div class=\"elementor-element elementor-element-19665b6 elementor-widget elementor-widget-heading\" data-id=\"19665b6\" data-element_type=\"widget\" data-widget_type=\"heading.default\">\n\t\t\t\t<div class=\"elementor-widget-container\">\n\t\t\t<style>\/*! elementor - v3.20.0 - 13-03-2024 *\/\n.elementor-heading-title{padding:0;margin:0;line-height:1}.elementor-widget-heading .elementor-heading-title[class*=elementor-size-]>a{color:inherit;font-size:inherit;line-height:inherit}.elementor-widget-heading .elementor-heading-title.elementor-size-small{font-size:15px}.elementor-widget-heading .elementor-heading-title.elementor-size-medium{font-size:19px}.elementor-widget-heading .elementor-heading-title.elementor-size-large{font-size:29px}.elementor-widget-heading .elementor-heading-title.elementor-size-xl{font-size:39px}.elementor-widget-heading .elementor-heading-title.elementor-size-xxl{font-size:59px}<\/style><h2 class=\"elementor-heading-title elementor-size-default\">Pol\u00edticas de privacidad<\/h2>\t\t<\/div>\n\t\t\t\t<\/div>\n\t\t\t\t<div class=\"elementor-element elementor-element-e67d910 elementor-widget elementor-widget-text-editor\" data-id=\"e67d910\" data-element_type=\"widget\" data-widget_type=\"text-editor.default\">\n\t\t\t\t<div class=\"elementor-widget-container\">\n\t\t\t<style>\/*! elementor - v3.20.0 - 13-03-2024 *\/\n.elementor-widget-text-editor.elementor-drop-cap-view-stacked .elementor-drop-cap{background-color:#69727d;color:#fff}.elementor-widget-text-editor.elementor-drop-cap-view-framed .elementor-drop-cap{color:#69727d;border:3px solid;background-color:transparent}.elementor-widget-text-editor:not(.elementor-drop-cap-view-default) .elementor-drop-cap{margin-top:8px}.elementor-widget-text-editor:not(.elementor-drop-cap-view-default) .elementor-drop-cap-letter{width:1em;height:1em}.elementor-widget-text-editor .elementor-drop-cap{float:left;text-align:center;line-height:1;font-size:50px}.elementor-widget-text-editor .elementor-drop-cap-letter{display:inline-block}<\/style>\t\t\t\t<p data-sider-select-id=\"186b7c0e-dbc0-4f88-a2e0-44e1bb3c06e9\">La Hoster\u00eda Papagayo, respeta y valora la privacidad de sus clientes y visitantes en l\u00ednea. Esta pol\u00edtica de privacidad describe c\u00f3mo recopilamos, utilizamos, compartimos y protegemos la informaci\u00f3n personal que usted nos proporciona a trav\u00e9s de nuestro sitio web y otros medios en l\u00ednea.<\/p><p><strong>Informaci\u00f3n que recopilamos<\/strong><\/p><p>Cuando usted realiza una reserva o se comunica con nosotros a trav\u00e9s de nuestro sitio web o correo electr\u00f3nico, podemos recopilar informaci\u00f3n personal como su nombre, direcci\u00f3n de correo electr\u00f3nico, n\u00famero de tel\u00e9fono, y detalles de su reserva.<\/p><p><strong>C\u00f3mo utilizamos su informaci\u00f3n<\/strong><\/p><p>Utilizamos la informaci\u00f3n que recopilamos para procesar sus reservas, responder a sus consultas y proporcionarle informaci\u00f3n relevante sobre nuestros servicios. Tambi\u00e9n podemos utilizar su informaci\u00f3n para mejorar nuestros servicios y personalizar su experiencia con nosotros.<\/p><p><strong>Divulgaci\u00f3n de informaci\u00f3n<\/strong><\/p><p>No compartimos su informaci\u00f3n personal con terceros, excepto cuando sea necesario para cumplir con la ley, proteger nuestros derechos o responder a situaciones de emergencia.<\/p><p><strong>Seguridad de la informaci\u00f3n<\/strong><\/p><p>Tomamos medidas para proteger la informaci\u00f3n personal que recopilamos, incluidas medidas de seguridad f\u00edsica, electr\u00f3nica y administrativa.<\/p><p><strong>Cambios en la pol\u00edtica de privacidad<\/strong><\/p><p>Nos reservamos el derecho de actualizar esta pol\u00edtica de privacidad en cualquier momento. Le recomendamos que revise esta p\u00e1gina peri\u00f3dicamente para estar informado sobre c\u00f3mo protegemos la informaci\u00f3n que recopilamos.<\/p><p><strong>Contacto<\/strong><\/p><p>Si tiene alguna pregunta sobre nuestra pol\u00edtica de privacidad, puede comunicarse con nosotros a trav\u00e9s de nuestro correo electr\u00f3nico <a target=\"_new\">reservashosteriapapagayo@gmail.com<\/a>.<\/p>\t\t\t\t\t\t<\/div>\n\t\t\t\t<\/div>\n\t\t\t\t\t<\/div>\n\t\t\t\t<\/div>\n\t\t\t\t<\/div>\n\t\t","protected":false},"excerpt":{"rendered":"<p>Pol\u00edtica de Privacidad Pol\u00edticas de privacidad La Hoster\u00eda Papagayo, respeta y valora la privacidad de sus clientes y visitantes en l\u00ednea. Esta pol\u00edtica de privacidad describe c\u00f3mo recopilamos, utilizamos, compartimos y protegemos la informaci\u00f3n personal que usted nos proporciona a trav\u00e9s de nuestro sitio web y otros medios en l\u00ednea. Informaci\u00f3n que recopilamos Cuando usted &#8230;<\/p>\n","protected":false},"author":2,"featured_media":0,"parent":0,"menu_order":0,"comment_status":"closed","ping_status":"closed","template":"elementor_header_footer","meta":{"_acf_changed":false,"footnotes":"","cozystay_single_page_hide_site_header":"","cozystay_single_page_site_header_source":"","cozystay_single_page_custom_site_header":"0","cozystay_single_page_custom_sticky_site_header":"0","cozystay_single_page_hide_page_title":"","cozystay_single_page_header_section_size":"","cozystay_single_page_header_background_color":"","cozystay_single_page_header_background_position_x":"center","cozystay_single_page_header_background_position_y":"center","cozystay_single_page_header_background_size":"cover","cozystay_single_page_header_background_repeat":"off","cozystay_single_page_header_background_scroll":"on","cozystay_single_page_header_text_color":"","cozystay_single_page_header_show_breadcrumb":"","cozystay_single_page_site_footer_hide_main":"","cozystay_single_custom_site_footer_main_source":"","cozystay_single_custom_site_footer_main":"0","cozystay_single_page_site_footer_hide_above":"","cozystay_single_custom_site_footer_above_source":"","cozystay_single_custom_site_footer_above":"0","cozystay_single_page_site_footer_hide_instagram":"","cozystay_single_page_site_footer_hide_bottom":"","cozystay_single_custom_mobile_menu_source":"","cozystay_single_custom_mobile_menu":"0","cozystay_single_custom_mobile_menu_animation":"","cozystay_single_custom_mobile_menu_width":"","cozystay_single_custom_mobile_menu_custom_width":375},"acf":[],"_links":{"self":[{"href":"https:\/\/papagayo2.desarrollo.olimpo.tech\/index.php?rest_route=\/wp\/v2\/pages\/3309"}],"collection":[{"href":"https:\/\/papagayo2.desarrollo.olimpo.tech\/index.php?rest_route=\/wp\/v2\/pages"}],"about":[{"href":"https:\/\/papagayo2.desarrollo.olimpo.tech\/index.php?rest_route=\/wp\/v2\/types\/page"}],"author":[{"embeddable":true,"href":"https:\/\/papagayo2.desarrollo.olimpo.tech\/index.php?rest_route=\/wp\/v2\/users\/2"}],"replies":[{"embeddable":true,"href":"https:\/\/papagayo2.desarrollo.olimpo.tech\/index.php?rest_route=%2Fwp%2Fv2%2Fcomments&post=3309"}],"version-history":[{"count":20,"href":"https:\/\/papagayo2.desarrollo.olimpo.tech\/index.php?rest_route=\/wp\/v2\/pages\/3309\/revisions"}],"predecessor-version":[{"id":3355,"href":"https:\/\/papagayo2.desarrollo.olimpo.tech\/index.php?rest_route=\/wp\/v2\/pages\/3309\/revisions\/3355"}],"wp:attachment":[{"href":"https:\/\/papagayo2.desarrollo.olimpo.tech\/index.php?rest_route=%2Fwp%2Fv2%2Fmedia&parent=3309"}],"curies":[{"name":"wp","href":"https:\/\/api.w.org\/{rel}","templated":true}]}}